{"id":14826,"date":"2014-04-23T16:14:38","date_gmt":"2014-04-23T13:14:38","guid":{"rendered":"http:\/\/armada.dream-demo.com\/?page_id=14826"},"modified":"2024-01-10T19:28:59","modified_gmt":"2024-01-10T16:28:59","slug":"iletisim","status":"publish","type":"page","link":"https:\/\/www.akertr.com\/en\/contact\/","title":{"rendered":"Contact"},"content":{"rendered":"<div class=\"wpb-content-wrapper\"><p>[vc_row margin_bottom=&#8221;-40&#8243;][vc_column width=&#8221;1\/2&#8243;]<div class=\"dt-fancy-separator title-left h6-size\" style=\"width: 100%;\"><div class=\"dt-fancy-title\"><span class=\"separator-holder separator-left\"><\/span>Contact Details<span class=\"separator-holder separator-right\"><\/span><\/div><\/div>[vc_empty_space height=&#8221;24px&#8221;][vc_column_text]<span class=\"color-title\">Adres:<\/span><br \/>\nMaslak Mah. AOS 55. Sk. 42 Maslak No:4 \u0130\u00e7 Kap\u0131 No:556 Sar\u0131yer \/ \u0130STANBUL[\/vc_column_text][vc_empty_space height=&#8221;16px&#8221;][vc_column_text]<span class=\"color-title\">Phone:<\/span><br \/>\n+90 212 278 94 43[\/vc_column_text][vc_empty_space height=&#8221;16px&#8221;][vc_column_text]<span class=\"color-title\">Gsm:<\/span><br \/>\n+90 532 621 47 51[\/vc_column_text][vc_empty_space height=&#8221;16px&#8221;][vc_column_text]<span class=\"color-title\">Fax:<\/span><br \/>\n+90 212 278 94 44[\/vc_column_text][vc_empty_space height=&#8221;16px&#8221;][vc_column_text]<span class=\"color-title\">E-mail:<\/span><br \/>\naksel@akertr.com[\/vc_column_text][vc_empty_space height=&#8221;50px&#8221;][\/vc_column][vc_column width=&#8221;1\/2&#8243;]<div class=\"dt-fancy-separator title-left h6-size\" style=\"width: 100%;\"><div class=\"dt-fancy-title\"><span class=\"separator-holder separator-left\"><\/span>Contact Form<span class=\"separator-holder separator-right\"><\/span><\/div><\/div>[vc_empty_space height=&#8221;34px&#8221;]<form class=\"contact-form dt-form\" action=\"\/\" method=\"post\">\n<input type=\"hidden\" name=\"widget_id\" value=\"presscore-contact-form-widget--1\" \/><input type=\"hidden\" name=\"send_message\" value=\"\" \/><div class=\"form-fields\"><span class=\"form-name\"><label class=\"assistive-text\">Name *<\/label><input type=\"text\" class=\"validate[required]\" placeholder=\"Name *\" name=\"name\" value=\"\" aria-required=\"true\">\n<\/span><span class=\"form-mail\"><label class=\"assistive-text\">E-mail *<\/label><input type=\"text\" class=\"validate[required,custom[email]]\" placeholder=\"E-mail *\" name=\"email\" value=\"\" aria-required=\"true\">\n<\/span><span class=\"form-telephone\"><label class=\"assistive-text\">Telephone<\/label><input type=\"text\" placeholder=\"Telephone\" name=\"telephone\" value=\"\" aria-required=\"false\">\n<\/span><span class=\"form-company\"><label class=\"assistive-text\">Company<\/label><input type=\"text\" placeholder=\"Company\" name=\"company\" value=\"\" aria-required=\"false\">\n<\/span><\/div><span class=\"form-message\"><label class=\"assistive-text\">Message *<\/label><textarea class=\"validate[required]\" placeholder=\"Message *\" name=\"message\" rows=\"5\" aria-required=\"true\"><\/textarea>\n<\/span><p><a href=\"#\" class=\"dt-btn dt-btn-m dt-btn-submit\" rel=\"nofollow\">Send Form<\/a><a href=\"#\" class=\"clear-form\" rel=\"nofollow\">clear<\/a><input class=\"assistive-text\" type=\"submit\" value=\"submit\"><\/p><\/form>\n[vc_empty_space height=&#8221;40px&#8221;][\/vc_column][\/vc_row][vc_row margin_bottom=&#8221;-50&#8243; full_width=&#8221;true&#8221;][vc_column][vc_gmaps link=&#8221;#E-8_JTNDaWZyYW1lJTIwc3JjJTNEJTIyaHR0cHMlM0ElMkYlMkZ3d3cuZ29vZ2xlLmNvbSUyRm1hcHMlMkZlbWJlZCUzRnBiJTNEJTIxMW0xOCUyMTFtMTIlMjExbTMlMjExZDMwMDcuMzgwMDUzNzM2NzI4OCUyMTJkMjguOTc4NTk4Mjc2NjI2OTI2JTIxM2Q0MS4wODI1NDIwNzEzNDAyMzUlMjEybTMlMjExZjAlMjEyZjAlMjEzZjAlMjEzbTIlMjExaTEwMjQlMjEyaTc2OCUyMTRmMTMuMSUyMTNtMyUyMTFtMiUyMTFzMHgxNGNhYjZlYmYxYjYxMjQ1JTI1M0EweDIwODVlNzllOGI1MTkwM2UlMjEyc05lZiUyNTIwMTElMjUyMFJlc2lkZW5jZSUyMTVlMCUyMTNtMiUyMTFzdHIlMjEyc3RyJTIxNHYxNzA0OTA0MDkzODgyJTIxNW0yJTIxMXN0ciUyMTJzdHIlMjIlMjB3aWR0aCUzRCUyMjEwMCUyNSUyMiUyMGhlaWdodCUzRCUyMjQ1MCUyMiUyMHN0eWxlJTNEJTIyYm9yZGVyJTNBMCUzQiUyMiUyMGFsbG93ZnVsbHNjcmVlbiUzRCUyMiUyMiUyMGxvYWRpbmclM0QlMjJsYXp5JTIyJTIwcmVmZXJyZXJwb2xpY3klM0QlMjJuby1yZWZlcnJlci13aGVuLWRvd25ncmFkZSUyMiUzRSUzQyUyRmlmcmFtZSUzRQ==&#8221;][\/vc_column][\/vc_row]<\/p>\n<\/div>","protected":false},"excerpt":{"rendered":"<p>[vc_row margin_bottom=&#8221;-40&#8243;][vc_column width=&#8221;1\/2&#8243;][vc_empty_space height=&#8221;24px&#8221;][vc_column_text]Adres: Maslak Mah. AOS 55. Sk. 42 Maslak No:4 \u0130\u00e7 Kap\u0131 No:556 Sar\u0131yer \/ \u0130STANBUL[\/vc_column_text][vc_empty_space height=&#8221;16px&#8221;][vc_column_text]Phone: +90 212 278 94 43[\/vc_column_text][vc_empty_space height=&#8221;16px&#8221;][vc_column_text]Gsm: +90 532 621 47 51[\/vc_column_text][vc_empty_space height=&#8221;16px&#8221;][vc_column_text]Fax: +90 212 278 94 44[\/vc_column_text][vc_empty_space height=&#8221;16px&#8221;][vc_column_text]E-mail: aksel@akertr.com[\/vc_column_text][vc_empty_space height=&#8221;50px&#8221;][\/vc_column][vc_column width=&#8221;1\/2&#8243;][vc_empty_space height=&#8221;34px&#8221;][vc_empty_space height=&#8221;40px&#8221;][\/vc_column][\/vc_row][vc_row margin_bottom=&#8221;-50&#8243; full_width=&#8221;true&#8221;][vc_column][vc_gmaps link=&#8221;#E-8_JTNDaWZyYW1lJTIwc3JjJTNEJTIyaHR0cHMlM0ElMkYlMkZ3d3cuZ29vZ2xlLmNvbSUyRm1hcHMlMkZlbWJlZCUzRnBiJTNEJTIxMW0xOCUyMTFtMTIlMjExbTMlMjExZDMwMDcuMzgwMDUzNzM2NzI4OCUyMTJkMjguOTc4NTk4Mjc2NjI2OTI2JTIxM2Q0MS4wODI1NDIwNzEzNDAyMzUlMjEybTMlMjExZjAlMjEyZjAlMjEzZjAlMjEzbTIlMjExaTEwMjQlMjEyaTc2OCUyMTRmMTMuMSUyMTNtMyUyMTFtMiUyMTFzMHgxNGNhYjZlYmYxYjYxMjQ1JTI1M0EweDIwODVlNzllOGI1MTkwM2UlMjEyc05lZiUyNTIwMTElMjUyMFJlc2lkZW5jZSUyMTVlMCUyMTNtMiUyMTFzdHIlMjEyc3RyJTIxNHYxNzA0OTA0MDkzODgyJTIxNW0yJTIxMXN0ciUyMTJzdHIlMjIlMjB3aWR0aCUzRCUyMjEwMCUyNSUyMiUyMGhlaWdodCUzRCUyMjQ1MCUyMiUyMHN0eWxlJTNEJTIyYm9yZGVyJTNBMCUzQiUyMiUyMGFsbG93ZnVsbHNjcmVlbiUzRCUyMiUyMiUyMGxvYWRpbmclM0QlMjJsYXp5JTIyJTIwcmVmZXJyZXJwb2xpY3klM0QlMjJuby1yZWZlcnJlci13aGVuLWRvd25ncmFkZSUyMiUzRSUzQyUyRmlmcmFtZSUzRQ==&#8221;][\/vc_column][\/vc_row]<\/p>\n","protected":false},"author":1,"featured_media":0,"parent":0,"menu_order":6,"comment_status":"closed","ping_status":"closed","template":"","meta":{"inline_featured_image":false,"footnotes":""},"class_list":["post-14826","page","type-page","status-publish","hentry","description-off"],"aioseo_notices":[],"_links":{"self":[{"href":"https:\/\/www.akertr.com\/en\/wp-json\/wp\/v2\/pages\/14826","targetHints":{"allow":["GET"]}}],"collection":[{"href":"https:\/\/www.akertr.com\/en\/wp-json\/wp\/v2\/pages"}],"about":[{"href":"https:\/\/www.akertr.com\/en\/wp-json\/wp\/v2\/types\/page"}],"author":[{"embeddable":true,"href":"https:\/\/www.akertr.com\/en\/wp-json\/wp\/v2\/users\/1"}],"replies":[{"embeddable":true,"href":"https:\/\/www.akertr.com\/en\/wp-json\/wp\/v2\/comments?post=14826"}],"version-history":[{"count":4,"href":"https:\/\/www.akertr.com\/en\/wp-json\/wp\/v2\/pages\/14826\/revisions"}],"predecessor-version":[{"id":31460,"href":"https:\/\/www.akertr.com\/en\/wp-json\/wp\/v2\/pages\/14826\/revisions\/31460"}],"wp:attachment":[{"href":"https:\/\/www.akertr.com\/en\/wp-json\/wp\/v2\/media?parent=14826"}],"curies":[{"name":"wp","href":"https:\/\/api.w.org\/{rel}","templated":true}]}}