{"id":16279,"date":"2014-06-16T11:01:19","date_gmt":"2014-06-16T08:01:19","guid":{"rendered":"http:\/\/armada.dream-demo.com\/?page_id=16279"},"modified":"2020-01-29T11:13:17","modified_gmt":"2020-01-29T08:13:17","slug":"biz-kimiz","status":"publish","type":"page","link":"https:\/\/www.akertr.com\/en\/corporate\/about-us\/","title":{"rendered":"About US"},"content":{"rendered":"<p>Aker, hizmet verdi\u011fi m\u00fchendislik hizmetlerinin her alan\u0131nda m\u00fc\u015fteri memnuniyetini hedefleyen, \u00f6zellikle konut, ofis binalar\u0131, al\u0131\u015fveri\u015f merkezlerinin yan\u0131 s\u0131ra i\u00e7me suyu i\u015fale hatlar\u0131, \u00e7elik konstr\u00fcksiyon end\u00fcstriyel tesis in\u015faatlar\u0131 alanlar\u0131nda 10 y\u0131l\u0131 a\u015fk\u0131n yurt i\u00e7i ve yurt d\u0131\u015f\u0131 tecr\u00fcbeye sahip teknik kadrosuyla h\u0131zl\u0131 ve sa\u011flam b\u00fcy\u00fcyen bir m\u00fchendislik firmas\u0131d\u0131r.<br \/>\nAker, faaliyetlerine 2005 y\u0131l\u0131nda, o y\u0131llarda h\u0131zl\u0131 bir geli\u015fim g\u00f6steren romanya in\u015faat ve gayrimenkul pazar\u0131nda, yabanc\u0131 ve t\u00fcrk yat\u0131r\u0131mc\u0131lara m\u00fc\u015favirlik hizmetleri vererek ba\u015flam\u0131\u015ft\u0131r.<br \/>\nZaman i\u00e7erisinde yaratt\u0131\u011f\u0131 m\u00fc\u015fteri portf\u00f6y\u00fcne, m\u00fc\u015favirli\u011fin yan\u0131 s\u0131ra, m\u00fcteahhitlik hizmetleri de vermeye ba\u015flayan aker, konsept tasar\u0131m olu\u015fturmadan, mimar\u0131 projelendirmeye, ruhsatland\u0131rmaya, proje y\u00f6netimini yapmaya ve nihayet anahtar teslimi in\u015faatlar yaparak m\u00fc\u015fterilerine hizmet vermeye devam etmektedir.<br \/>\nBu projeler aras\u0131nda konut projeleri oldu\u011fu gibi yol, k\u00f6pr\u00fc, i\u00e7me suyu isale hatlar\u0131 da dahil olmak \u00fczere bir\u00e7ok altyap\u0131 projesi de bulunmaktad\u0131r.<br \/>\n2010 y\u0131l\u0131ndan itibaren ise, aker, t\u00fcrkiye&#8217;de \u00f6zel konut ve ofis projeleri geli\u015ftirmi\u015f, bu projelerin projelendirme, finansman ve in\u015faat k\u0131s\u0131mlar\u0131n\u0131 ba\u015far\u0131yla tamamlamaya devam etmektedir.<br \/>\n\u00dcstlendi\u011fi her projede, profesyonelli\u011fi ve m\u00fc\u015fteri memnuniyetini \u00f6n planda tutan aker, 2011 y\u0131l\u0131ndan itibaren uluslararas\u0131 b\u00fcy\u00fck perakende zincirlerinin, avrupa ve t\u00fcrkiye \u00e7ap\u0131ndaki anahtar teslim ma\u011faza in\u015faatlar\u0131n\u0131 da almaya ba\u015flam\u0131\u015f, halen bir \u00e7ok \u00fclke ve \u015fehirde bu in\u015faatlara devam etmektedir.<\/p>\n<p>&nbsp;<\/p>\n<p>&nbsp;<\/p>\n","protected":false},"excerpt":{"rendered":"<p>Aker, hizmet verdi\u011fi m\u00fchendislik hizmetlerinin her alan\u0131nda m\u00fc\u015fteri memnuniyetini hedefleyen, \u00f6zellikle konut, ofis binalar\u0131, al\u0131\u015fveri\u015f merkezlerinin yan\u0131 s\u0131ra i\u00e7me suyu i\u015fale hatlar\u0131, \u00e7elik konstr\u00fcksiyon end\u00fcstriyel tesis in\u015faatlar\u0131 alanlar\u0131nda 10 y\u0131l\u0131 a\u015fk\u0131n yurt i\u00e7i ve yurt d\u0131\u015f\u0131 tecr\u00fcbeye sahip teknik kadrosuyla h\u0131zl\u0131 ve sa\u011flam b\u00fcy\u00fcyen bir m\u00fchendislik firmas\u0131d\u0131r. Aker, faaliyetlerine 2005 y\u0131l\u0131nda, o y\u0131llarda h\u0131zl\u0131 bir&hellip;<\/p>\n","protected":false},"author":1,"featured_media":0,"parent":31117,"menu_order":10,"comment_status":"closed","ping_status":"closed","template":"","meta":{"inline_featured_image":false,"footnotes":""},"class_list":["post-16279","page","type-page","status-publish","hentry","description-off"],"aioseo_notices":[],"_links":{"self":[{"href":"https:\/\/www.akertr.com\/en\/wp-json\/wp\/v2\/pages\/16279","targetHints":{"allow":["GET"]}}],"collection":[{"href":"https:\/\/www.akertr.com\/en\/wp-json\/wp\/v2\/pages"}],"about":[{"href":"https:\/\/www.akertr.com\/en\/wp-json\/wp\/v2\/types\/page"}],"author":[{"embeddable":true,"href":"https:\/\/www.akertr.com\/en\/wp-json\/wp\/v2\/users\/1"}],"replies":[{"embeddable":true,"href":"https:\/\/www.akertr.com\/en\/wp-json\/wp\/v2\/comments?post=16279"}],"version-history":[{"count":0,"href":"https:\/\/www.akertr.com\/en\/wp-json\/wp\/v2\/pages\/16279\/revisions"}],"up":[{"embeddable":true,"href":"https:\/\/www.akertr.com\/en\/wp-json\/wp\/v2\/pages\/31117"}],"wp:attachment":[{"href":"https:\/\/www.akertr.com\/en\/wp-json\/wp\/v2\/media?parent=16279"}],"curies":[{"name":"wp","href":"https:\/\/api.w.org\/{rel}","templated":true}]}}