{"id":28214,"date":"2014-09-24T08:18:41","date_gmt":"2014-09-24T05:18:41","guid":{"rendered":"http:\/\/armada.dream-demo.com\/?page_id=28214"},"modified":"2024-01-10T19:35:48","modified_gmt":"2024-01-10T16:35:48","slug":"anasayfa","status":"publish","type":"page","link":"https:\/\/www.akertr.com\/en\/","title":{"rendered":"Home Page"},"content":{"rendered":"<div class=\"wpb-content-wrapper\"><p>[vc_row gap=&#8221;1&#8243; margin_top=&#8221;-50&#8243; type=&#8221;1&#8243; bg_position=&#8221;center&#8221; bg_cover=&#8221;true&#8221; padding_top=&#8221;50&#8243; padding_bottom=&#8221;20&#8243;][vc_column width=&#8221;1\/2&#8243; offset=&#8221;vc_col-xs-12&#8243; css=&#8221;.vc_custom_1579076700410{background-color: #ffffff !important;}&#8221;][vc_empty_space height=&#8221;20px&#8221;][vc_column_text]<\/p>\n<h2>ABOUT US?<\/h2>\n<p>[\/vc_column_text][vc_empty_space height=&#8221;15px&#8221;][vc_column_text]AKER, hizmet verdi\u011fi m\u00fchendislik hizmetlerinin her alan\u0131nda m\u00fc\u015fteri memnuniyetini hedefleyen, \u00f6zellikle Konut, Ofis B\u0130nalar\u0131, Al\u0131\u015fveri\u015f Merkezlerinin yan\u0131s\u0131ra i\u00e7me suyu isale hatlar\u0131, \u00e7elik<\/p>\n<p>konstr\u00fcksiyon end\u00fcstriyel tesis in\u015faatlar\u0131 alanlar\u0131nda 10 y\u0131l\u0131 a\u015fk\u0131n yurti\u00e7i ve yurtd\u0131\u015f\u0131 tecr\u00fcbeye sahip teknik kadrosuyla h\u0131zl\u0131 ve sa\u011flam b\u00fcy\u00fcyen bir m\u00fchendislik firmas\u0131d\u0131r.<\/p>\n<p>AKER, faaliyetlerine 2005 y\u0131l\u0131nda, o y\u0131llarda h\u0131zl\u0131 bir geli\u015fim g\u00f6steren Romanya \u0130n\u015faat ve Gayrimenkul Pazar\u0131nda, yabanc\u0131 ve T\u00fcrk yat\u0131r\u0131mc\u0131lara m\u00fc\u015favirlik hizmetleri vererek ba\u015flam\u0131\u015ft\u0131r. <span style=\"font-size: 12px;\"><a href=\"\/kurumsal\/biz-kimiz\/\">Read more&#8230;<\/a><\/span>[\/vc_column_text][vc_empty_space height=&#8221;30px&#8221;][\/vc_column][vc_column width=&#8221;1\/2&#8243; offset=&#8221;vc_col-xs-12&#8243; css=&#8221;.vc_custom_1579606532220{background-color: #ffffff !important;}&#8221; el_class=&#8221;paddingright50&#8243;][vc_empty_space height=&#8221;20px&#8221;][vc_column_text css=&#8221;.vc_custom_1580285990581{margin-left: 13px !important;}&#8221;]<\/p>\n<h2>WHAT WE DO?<\/h2>\n<p>[\/vc_column_text][vc_empty_space height=&#8221;15px&#8221;][vc_row_inner content_placement=&#8221;middle&#8221; css=&#8221;.vc_custom_1579605209075{padding-top: 0px !important;padding-right: 0px !important;padding-bottom: 0px !important;padding-left: 0px !important;}&#8221;][vc_column_inner width=&#8221;1\/3&#8243; css=&#8221;.vc_custom_1579606411542{padding-top: 0px !important;padding-right: 0px !important;padding-bottom: 0px !important;padding-left: 0px !important;}&#8221;][vc_raw_html]JTNDYSUyMGhyZWYlM0QlMjIlMkZoaXptZXRsZXJpbWl6JTJGa29udXQtdmUtb2ZpcyUyRiUyMiUyMHRhcmdldCUzRCUyMl9zZWxmJTIyJTNFJTNDaW1nJTIwY2xhc3MlM0QlMjJ2Y19zaW5nbGVfaW1hZ2UtaW1nJTIwJTIyJTIwc3JjJTNEJTIyJTJGd3AtY29udGVudCUyRnVwbG9hZHMlMkYyMDIwJTJGMDElMkZrb251dC1vZmlzLTEucG5nJTIyJTIwd2lkdGglM0QlMjIxNjUlMjIlMjBoZWlnaHQlM0QlMjIxMTAlMjIlMkYlM0UlM0MlMkZhJTNF[\/vc_raw_html][\/vc_column_inner][vc_column_inner width=&#8221;1\/3&#8243; css=&#8221;.vc_custom_1579606418967{padding-top: 0px !important;padding-right: 0px !important;padding-bottom: 0px !important;padding-left: 0px !important;}&#8221;][vc_raw_html]JTNDYSUyMGhyZWYlM0QlMjIlMkZoaXptZXRsZXJpbWl6JTJGYWx0eWFwaSUyRiUyMiUyMHRhcmdldCUzRCUyMl9zZWxmJTIyJTNFJTNDaW1nJTIwY2xhc3MlM0QlMjJ2Y19zaW5nbGVfaW1hZ2UtaW1nJTIwJTIyJTIwc3JjJTNEJTIyJTJGd3AtY29udGVudCUyRnVwbG9hZHMlMkYyMDIwJTJGMDElMkZhbHQteWFwaS1ha2VyLTMucG5nJTIyJTIwd2lkdGglM0QlMjIxNjUlMjIlMjBoZWlnaHQlM0QlMjIxMTAlMjIlMkYlM0UlM0MlMkZhJTNF[\/vc_raw_html][\/vc_column_inner][vc_column_inner width=&#8221;1\/3&#8243; css=&#8221;.vc_custom_1579606427476{padding-top: 0px !important;padding-right: 0px !important;padding-bottom: 0px !important;padding-left: 0px !important;}&#8221;][vc_raw_html]JTNDYSUyMGhyZWYlM0QlMjIlMkZoaXptZXRsZXJpbWl6JTJGZW5kdXN0cmklMkYlMjIlMjB0YXJnZXQlM0QlMjJfc2VsZiUyMiUzRSUzQ2ltZyUyMGNsYXNzJTNEJTIydmNfc2luZ2xlX2ltYWdlLWltZyUyMCUyMiUyMHNyYyUzRCUyMiUyRndwLWNvbnRlbnQlMkZ1cGxvYWRzJTJGMjAyMCUyRjAxJTJGZW5kdXN0cmktYWtlci1pbnNhYXQtMS5wbmclMjIlMjB3aWR0aCUzRCUyMjE2NSUyMiUyMGhlaWdodCUzRCUyMjExMCUyMiUyMCUyRiUzRSUzQyUyRmElM0U=[\/vc_raw_html][\/vc_column_inner][\/vc_row_inner][vc_row_inner content_placement=&#8221;middle&#8221; css=&#8221;.vc_custom_1579103674978{margin-bottom: 0px !important;padding-top: 0px !important;padding-right: 0px !important;padding-bottom: 0px !important;padding-left: 0px !important;}&#8221;][vc_column_inner width=&#8221;1\/3&#8243; css=&#8221;.vc_custom_1579606435814{padding-top: 0px !important;padding-right: 0px !important;padding-bottom: 0px !important;padding-left: 0px !important;}&#8221;][vc_raw_html]JTNDYSUyMGhyZWYlM0QlMjIlMkZoaXptZXRsZXJpbWl6JTJGdWxhc2ltJTJGJTIyJTIwdGFyZ2V0JTNEJTIyX3NlbGYlMjIlM0UlM0NpbWclMjBjbGFzcyUzRCUyMnZjX3NpbmdsZV9pbWFnZS1pbWclMjAlMjIlMjBzcmMlM0QlMjIlMkZ3cC1jb250ZW50JTJGdXBsb2FkcyUyRjIwMjAlMkYwMSUyRnVsYXNpbS1ha2VyLWluc2FhdC0xLnBuZyUyMiUyMHdpZHRoJTNEJTIyMTY1JTIyJTIwaGVpZ2h0JTNEJTIyMTEwJTIyJTJGJTNFJTNDJTJGYSUzRQ==[\/vc_raw_html][\/vc_column_inner][vc_column_inner width=&#8221;1\/3&#8243; css=&#8221;.vc_custom_1579606439904{padding-top: 0px !important;padding-right: 0px !important;padding-bottom: 0px !important;padding-left: 0px !important;}&#8221;][vc_raw_html]JTNDYSUyMGhyZWYlM0QlMjIlMkZoaXptZXRsZXJpbWl6JTJGZGVrb3Jhc3lvbiUyRiUyMiUyMHRhcmdldCUzRCUyMl9zZWxmJTIyJTNFJTNDaW1nJTIwY2xhc3MlM0QlMjJ2Y19zaW5nbGVfaW1hZ2UtaW1nJTIwJTIyJTIwc3JjJTNEJTIyJTJGd3AtY29udGVudCUyRnVwbG9hZHMlMkYyMDIwJTJGMDElMkZkZWtvcmFzeW9uLnBuZyUyMiUyMHdpZHRoJTNEJTIyMTY1JTIyJTIwaGVpZ2h0JTNEJTIyMTEwJTIyJTIwJTJGJTNFJTNDJTJGYSUzRQ==[\/vc_raw_html][\/vc_column_inner][vc_column_inner width=&#8221;1\/3&#8243; css=&#8221;.vc_custom_1579605140602{padding-top: 0px !important;padding-right: 0px !important;padding-bottom: 0px !important;padding-left: 0px !important;}&#8221;][\/vc_column_inner][\/vc_row_inner][vc_empty_space height=&#8221;30px&#8221;][\/vc_column][\/vc_row][vc_row full_width=&#8221;true&#8221;][vc_column][vc_empty_space height=&#8221;50px&#8221;][vc_column_text]<\/p>\n<h2 style=\"text-align: center;\">OUR PROJECTS<\/h2>\n<p>[\/vc_column_text][vc_empty_space height=&#8221;10px&#8221;][vc_column_text]<\/p>\n<h4 style=\"text-align: center;\">Works we do<\/h4>\n<p>[\/vc_column_text][vc_empty_space height=&#8221;30px&#8221;]<div class=\"dt-portfolio-shortcode slider-wrapper arrows-light description-on-hover hover-style-one always-show-info\" data-padding-side=\"0\" data-autoslide=\"true\" data-delay=\"4000\" data-loop=\"true\"><div class=\"frame fullwidth-slider\"><ul class=\"clearfix\"><li class=\"fs-entry\">\n\n<article class=\"post post-31482 dt_portfolio type-dt_portfolio status-publish has-post-thumbnail hentry dt_portfolio_category-devam-eden-projeler dt_portfolio_category-konut-ve-ofis-devam-eden-projeler\">\n\n\t\n<div class=\"rollover-project forward-post\">\n\n\t<a href=\"https:\/\/www.akertr.com\/en\/project\/itu-ayazaga-kampusu-mediko-binasi-yapim-isi-istanbul\/\"   ><img class=\"preload-me\" srcset=\"https:\/\/www.akertr.com\/wp-content\/uploads\/2025\/08\/2.bmp 1x, https:\/\/www.akertr.com\/wp-content\/uploads\/2025\/08\/2.bmp 2x\" alt=\"\" width=\"320\" height=\"380\"  \/><\/a>\n\t\n\t\t<div class=\"rollover-content\">\n\n\t\t\t\n\n<div class=\"rollover-content-container\">\n\n\t\n\t<h3 class=\"entry-title\">\u0130TU AYAZA\u011eA KAMP\u00dcS\u00dc MED\u0130KO B\u0130NASI YAPIM \u0130\u015e\u0130, \u0130STANBUL<\/h3>\n\n<span class=\"category-link\"><a href=\"https:\/\/www.akertr.com\/en\/project-category\/ongoing-projects\/\" >Ongoing Projects<\/a>, <a href=\"https:\/\/www.akertr.com\/en\/project-category\/ongoing-residential-office-projects\/\" >Residential and Office<\/a><\/span>\n<\/div>\n\t\t<\/div>\n\n\t\n<\/div>\n<\/article>\n\n<\/li><li class=\"fs-entry\">\n\n<article class=\"post post-31470 dt_portfolio type-dt_portfolio status-publish has-post-thumbnail hentry dt_portfolio_category-tamamlanan-projeler dt_portfolio_category-konut-ve-ofis-tamamlanan-projeler\">\n\n\t\n<div class=\"rollover-project forward-post\">\n\n\t<a href=\"https:\/\/www.akertr.com\/en\/project\/mustafa-meryem-ege-ortaokulu-antalya\/\"   ><img class=\"preload-me\" srcset=\"https:\/\/www.akertr.com\/wp-content\/uploads\/2024\/01\/ANTALYA-MUSTAFA-MERYEM-EGE-ORTAOKULU-320x380.jpg 1x, https:\/\/www.akertr.com\/wp-content\/uploads\/2024\/01\/ANTALYA-MUSTAFA-MERYEM-EGE-ORTAOKULU-330x392.jpg 2x\" alt=\"\" width=\"320\" height=\"380\"  \/><\/a>\n\t\n\t\t<div class=\"rollover-content\">\n\n\t\t\t\n\n<div class=\"rollover-content-container\">\n\n\t\n\t<h3 class=\"entry-title\">Mustafa Meryem Ege Ortaokulu, ANTALYA<\/h3>\n\n<span class=\"category-link\"><a href=\"https:\/\/www.akertr.com\/en\/project-category\/completed-projects\/\" >Completed Projects<\/a>, <a href=\"https:\/\/www.akertr.com\/en\/project-category\/completed-residential-office-projects\/\" >Konut Okul ve Ofis<\/a><\/span>\n<\/div>\n\t\t<\/div>\n\n\t\n<\/div>\n<\/article>\n\n<\/li><li class=\"fs-entry\">\n\n<article class=\"post post-31468 dt_portfolio type-dt_portfolio status-publish has-post-thumbnail hentry dt_portfolio_category-tamamlanan-projeler dt_portfolio_category-konut-ve-ofis-tamamlanan-projeler\">\n\n\t\n<div class=\"rollover-project forward-post\">\n\n\t<a href=\"https:\/\/www.akertr.com\/en\/project\/bodrum-mesleki-teknik-anadolu-lisesi-mugla\/\"   ><img class=\"preload-me\" srcset=\"https:\/\/www.akertr.com\/wp-content\/uploads\/2024\/01\/BODRUM-MESLEKI-TEKNIK-ANADOLU-LISESI-320x380.jpg 1x, https:\/\/www.akertr.com\/wp-content\/uploads\/2024\/01\/BODRUM-MESLEKI-TEKNIK-ANADOLU-LISESI-640x760.jpg 2x\" alt=\"\" width=\"320\" height=\"380\"  \/><\/a>\n\t\n\t\t<div class=\"rollover-content\">\n\n\t\t\t\n\n<div class=\"rollover-content-container\">\n\n\t\n\t<h3 class=\"entry-title\">Bodrum Mesleki Teknik Anadolu Lisesi, MU\u011eLA<\/h3>\n\n<span class=\"category-link\"><a href=\"https:\/\/www.akertr.com\/en\/project-category\/completed-projects\/\" >Completed Projects<\/a>, <a href=\"https:\/\/www.akertr.com\/en\/project-category\/completed-residential-office-projects\/\" >Konut Okul ve Ofis<\/a><\/span>\n<\/div>\n\t\t<\/div>\n\n\t\n<\/div>\n<\/article>\n\n<\/li><li class=\"fs-entry\">\n\n<article class=\"post post-31466 dt_portfolio type-dt_portfolio status-publish has-post-thumbnail hentry dt_portfolio_category-tamamlanan-projeler dt_portfolio_category-konut-ve-ofis-tamamlanan-projeler\">\n\n\t\n<div class=\"rollover-project forward-post\">\n\n\t<a href=\"https:\/\/www.akertr.com\/en\/project\/sarkoy-100-yil-ilkogretim-okulu-tekirdag\/\"   ><img class=\"preload-me\" srcset=\"https:\/\/www.akertr.com\/wp-content\/uploads\/2024\/01\/Sarkoy-100.-yil-ilk-ve-orta-okulu-320x380.jpg 1x, https:\/\/www.akertr.com\/wp-content\/uploads\/2024\/01\/Sarkoy-100.-yil-ilk-ve-orta-okulu-632x751.jpg 2x\" alt=\"\" width=\"320\" height=\"380\"  \/><\/a>\n\t\n\t\t<div class=\"rollover-content\">\n\n\t\t\t\n\n<div class=\"rollover-content-container\">\n\n\t\n\t<h3 class=\"entry-title\">\u015eark\u00f6y 100. Y\u0131l \u0130lk\u00f6\u011fretim Okulu, TEK\u0130RDA\u011e<\/h3>\n\n<span class=\"category-link\"><a href=\"https:\/\/www.akertr.com\/en\/project-category\/completed-projects\/\" >Completed Projects<\/a>, <a href=\"https:\/\/www.akertr.com\/en\/project-category\/completed-residential-office-projects\/\" >Konut Okul ve Ofis<\/a><\/span>\n<\/div>\n\t\t<\/div>\n\n\t\n<\/div>\n<\/article>\n\n<\/li><li class=\"fs-entry\">\n\n<article class=\"post post-31463 dt_portfolio type-dt_portfolio status-publish has-post-thumbnail hentry dt_portfolio_category-tamamlanan-projeler dt_portfolio_category-konut-ve-ofis-tamamlanan-projeler\">\n\n\t\n<div class=\"rollover-project forward-post\">\n\n\t<a href=\"https:\/\/www.akertr.com\/en\/project\/akyazi-mesleki-teknik-anadolu-lisesi-sakarya\/\"   ><img class=\"preload-me\" srcset=\"https:\/\/www.akertr.com\/wp-content\/uploads\/2024\/01\/akyazi-mesleki-ve-tenik-Anadolu-lisesi-320x380.jpg 1x, https:\/\/www.akertr.com\/wp-content\/uploads\/2024\/01\/akyazi-mesleki-ve-tenik-Anadolu-lisesi-464x551.jpg 2x\" alt=\"\" width=\"320\" height=\"380\"  \/><\/a>\n\t\n\t\t<div class=\"rollover-content\">\n\n\t\t\t\n\n<div class=\"rollover-content-container\">\n\n\t\n\t<h3 class=\"entry-title\">Akyaz\u0131 Mesleki Teknik Anadolu Lisesi, SAKARYA<\/h3>\n\n<span class=\"category-link\"><a href=\"https:\/\/www.akertr.com\/en\/project-category\/completed-projects\/\" >Completed Projects<\/a>, <a href=\"https:\/\/www.akertr.com\/en\/project-category\/completed-residential-office-projects\/\" >Konut Okul ve Ofis<\/a><\/span>\n<\/div>\n\t\t<\/div>\n\n\t\n<\/div>\n<\/article>\n\n<\/li><li class=\"fs-entry\">\n\n<article class=\"post post-31461 dt_portfolio type-dt_portfolio status-publish has-post-thumbnail hentry dt_portfolio_category-tamamlanan-projeler dt_portfolio_category-konut-ve-ofis-tamamlanan-projeler\">\n\n\t\n<div class=\"rollover-project forward-post\">\n\n\t<a href=\"https:\/\/www.akertr.com\/en\/project\/bilsem-koleji-gebze-kocaeli\/\"   ><img class=\"preload-me\" srcset=\"https:\/\/www.akertr.com\/wp-content\/uploads\/2024\/01\/bilsem-koleji-2-320x380.png 1x, https:\/\/www.akertr.com\/wp-content\/uploads\/2024\/01\/bilsem-koleji-2-640x760.png 2x\" alt=\"\" width=\"320\" height=\"380\"  \/><\/a>\n\t\n\t\t<div class=\"rollover-content\">\n\n\t\t\t\n\n<div class=\"rollover-content-container\">\n\n\t\n\t<h3 class=\"entry-title\">Bilsem Koleji, Gebze, KOCAEL\u0130<\/h3>\n\n<span class=\"category-link\"><a href=\"https:\/\/www.akertr.com\/en\/project-category\/completed-projects\/\" >Completed Projects<\/a>, <a href=\"https:\/\/www.akertr.com\/en\/project-category\/completed-residential-office-projects\/\" >Konut Okul ve Ofis<\/a><\/span>\n<\/div>\n\t\t<\/div>\n\n\t\n<\/div>\n<\/article>\n\n<\/li><li class=\"fs-entry\">\n\n<article class=\"post post-31449 dt_portfolio type-dt_portfolio status-publish hentry\">\n\n\t\n<div class=\"rollover-project forward-post\">\n\n\t<a href=\"https:\/\/www.akertr.com\/en\/project\/turkish-sakarya-adapazari-mtal-lisesi\/\"   ><img class=\"preload-me\" srcset=\"https:\/\/www.akertr.com\/wp-content\/themes\/akertr\/images\/noimage.jpg 1x, https:\/\/www.akertr.com\/wp-content\/themes\/akertr\/images\/noimage.jpg 2x\" alt=\"\" width=\"320\" height=\"380\"  \/><\/a>\n\t\n\t\t<div class=\"rollover-content\">\n\n\t\t\t\n\n<div class=\"rollover-content-container\">\n\n\t\n\t<h3 class=\"entry-title\">(Turkish) SAKARYA ADAPAZARI  MTAL L\u0130SES\u0130<\/h3>\n\n\n<\/div>\n\t\t<\/div>\n\n\t\n<\/div>\n<\/article>\n\n<\/li><li class=\"fs-entry\">\n\n<article class=\"post post-31441 dt_portfolio type-dt_portfolio status-publish has-post-thumbnail hentry dt_portfolio_category-tamamlanan-projeler dt_portfolio_category-konut-ve-ofis-tamamlanan-projeler\">\n\n\t\n<div class=\"rollover-project forward-post\">\n\n\t<a href=\"https:\/\/www.akertr.com\/en\/project\/turkish-cumhuriyet-ilkogretim-okulu-tekirdag\/\"   ><img class=\"preload-me\" srcset=\"https:\/\/www.akertr.com\/wp-content\/uploads\/2021\/04\/WhatsApp-Image-2021-02-23-at-13.09.34-320x380.jpeg 1x, https:\/\/www.akertr.com\/wp-content\/uploads\/2021\/04\/WhatsApp-Image-2021-02-23-at-13.09.34-640x760.jpeg 2x\" alt=\"\" width=\"320\" height=\"380\"  \/><\/a>\n\t\n\t\t<div class=\"rollover-content\">\n\n\t\t\t\n\n<div class=\"rollover-content-container\">\n\n\t\n\t<h3 class=\"entry-title\">(Turkish) CUMHUR\u0130YET \u0130LK\u00d6\u011eRET\u0130M OKULU &#8211; TEK\u0130RDA\u011e<\/h3>\n\n<span class=\"category-link\"><a href=\"https:\/\/www.akertr.com\/en\/project-category\/completed-projects\/\" >Completed Projects<\/a>, <a href=\"https:\/\/www.akertr.com\/en\/project-category\/completed-residential-office-projects\/\" >Konut Okul ve Ofis<\/a><\/span>\n<\/div>\n\t\t<\/div>\n\n\t\n<\/div>\n<\/article>\n\n<\/li><li class=\"fs-entry\">\n\n<article class=\"post post-31356 dt_portfolio type-dt_portfolio status-publish has-post-thumbnail hentry dt_portfolio_category-tamamlanan-projeler dt_portfolio_category-altyapi-tamamlanan-projeler\">\n\n\t\n<div class=\"rollover-project forward-post\">\n\n\t<a href=\"https:\/\/www.akertr.com\/en\/project\/istanbul-anadolu-yakasi-fiberoptik-telekomunikasyon-atyapi-isi\/\"   ><img class=\"preload-me\" srcset=\"https:\/\/www.akertr.com\/wp-content\/uploads\/2020\/01\/ist-tel-kom-6-320x380.jpg 1x, https:\/\/www.akertr.com\/wp-content\/uploads\/2020\/01\/ist-tel-kom-6-640x760.jpg 2x\" alt=\"\" width=\"320\" height=\"380\"  \/><\/a>\n\t\n\t\t<div class=\"rollover-content\">\n\n\t\t\t\n\n<div class=\"rollover-content-container\">\n\n\t\n\t<h3 class=\"entry-title\">\u0130stanbul Anadolu Yakas\u0131 Fiberoptik Telekomunikasyon Altyap\u0131 \u0130\u015fi<\/h3>\n\n<span class=\"category-link\"><a href=\"https:\/\/www.akertr.com\/en\/project-category\/completed-projects\/\" >Completed Projects<\/a>, <a href=\"https:\/\/www.akertr.com\/en\/project-category\/completed-infrastructure-projects\/\" >Infrastructure<\/a><\/span>\n<\/div>\n\t\t<\/div>\n\n\t\n<\/div>\n<\/article>\n\n<\/li><li class=\"fs-entry\">\n\n<article class=\"post post-31336 dt_portfolio type-dt_portfolio status-publish has-post-thumbnail hentry dt_portfolio_category-tamamlanan-projeler dt_portfolio_category-konut-ve-ofis-tamamlanan-projeler\">\n\n\t\n<div class=\"rollover-project forward-post\">\n\n\t<a href=\"https:\/\/www.akertr.com\/en\/project\/bmc-teknoloji-ve-uretim-ussu\/\"   ><img class=\"preload-me\" srcset=\"https:\/\/www.akertr.com\/wp-content\/uploads\/2020\/01\/IMG_0571-320x380.jpg 1x, https:\/\/www.akertr.com\/wp-content\/uploads\/2020\/01\/IMG_0571-640x760.jpg 2x\" alt=\"\" width=\"320\" height=\"380\"  \/><\/a>\n\t\n\t\t<div class=\"rollover-content\">\n\n\t\t\t\n\n<div class=\"rollover-content-container\">\n\n\t\n\t<h3 class=\"entry-title\">BMC Teknoloji ve \u00dcretim \u00dcss\u00fc<\/h3>\n\n<span class=\"category-link\"><a href=\"https:\/\/www.akertr.com\/en\/project-category\/completed-projects\/\" >Completed Projects<\/a>, <a href=\"https:\/\/www.akertr.com\/en\/project-category\/completed-residential-office-projects\/\" >Konut Okul ve Ofis<\/a><\/span>\n<\/div>\n\t\t<\/div>\n\n\t\n<\/div>\n<\/article>\n\n<\/li><li class=\"fs-entry\">\n\n<article class=\"post post-31312 dt_portfolio type-dt_portfolio status-publish has-post-thumbnail hentry dt_portfolio_category-tamamlanan-projeler dt_portfolio_category-konut-ve-ofis-tamamlanan-projeler\">\n\n\t\n<div class=\"rollover-project forward-post\">\n\n\t<a href=\"https:\/\/www.akertr.com\/en\/project\/hadimkoy-luks-villa-projesi\/\"   ><img class=\"preload-me\" srcset=\"https:\/\/www.akertr.com\/wp-content\/uploads\/2020\/01\/Had\u0131mkoy-Luks-Villa-Projesi-320x380.jpeg 1x, https:\/\/www.akertr.com\/wp-content\/uploads\/2020\/01\/Had\u0131mkoy-Luks-Villa-Projesi-640x760.jpeg 2x\" alt=\"\" width=\"320\" height=\"380\"  \/><\/a>\n\t\n\t\t<div class=\"rollover-content\">\n\n\t\t\t\n\n<div class=\"rollover-content-container\">\n\n\t\n\t<h3 class=\"entry-title\">Had\u0131mk\u00f6y L\u00fcks Villa Projesi<\/h3>\n\n<span class=\"category-link\"><a href=\"https:\/\/www.akertr.com\/en\/project-category\/completed-projects\/\" >Completed Projects<\/a>, <a href=\"https:\/\/www.akertr.com\/en\/project-category\/completed-residential-office-projects\/\" >Konut Okul ve Ofis<\/a><\/span>\n<\/div>\n\t\t<\/div>\n\n\t\n<\/div>\n<\/article>\n\n<\/li><li class=\"fs-entry\">\n\n<article class=\"post post-31309 dt_portfolio type-dt_portfolio status-publish has-post-thumbnail hentry dt_portfolio_category-tamamlanan-projeler dt_portfolio_category-ulasim-tamamlanan-projeler\">\n\n\t\n<div class=\"rollover-project forward-post\">\n\n\t<a href=\"https:\/\/www.akertr.com\/en\/project\/satu-mare-viyadugu-romanya\/\"   ><img class=\"preload-me\" srcset=\"https:\/\/www.akertr.com\/wp-content\/uploads\/2020\/01\/satu-mare-viyadugu-romanya-320x380.jpeg 1x, https:\/\/www.akertr.com\/wp-content\/uploads\/2020\/01\/satu-mare-viyadugu-romanya-640x760.jpeg 2x\" alt=\"\" width=\"320\" height=\"380\"  \/><\/a>\n\t\n\t\t<div class=\"rollover-content\">\n\n\t\t\t\n\n<div class=\"rollover-content-container\">\n\n\t\n\t<h3 class=\"entry-title\">Satu Mare Viyad\u00fc\u011f\u00fc, Romanya<\/h3>\n\n<span class=\"category-link\"><a href=\"https:\/\/www.akertr.com\/en\/project-category\/completed-projects\/\" >Completed Projects<\/a>, <a href=\"https:\/\/www.akertr.com\/en\/project-category\/completed-transportation-projects\/\" >Transportation<\/a><\/span>\n<\/div>\n\t\t<\/div>\n\n\t\n<\/div>\n<\/article>\n\n<\/li><\/ul><\/div><div class=\"prev\"><i><\/i><\/div><div class=\"next\"><i><\/i><\/div><\/div>[\/vc_column][\/vc_row][vc_row margin_top=&#8221;55&#8243; margin_bottom=&#8221;20&#8243;][vc_column][vc_column_text]<\/p>\n<h2 style=\"text-align: center;\">REFERENCES<\/h2>\n<p>[\/vc_column_text][vc_empty_space height=&#8221;10px&#8221;][vc_column_text]<\/p>\n<h4 style=\"text-align: center;\">Our customers who prefer us<\/h4>\n<p>[\/vc_column_text][vc_empty_space height=&#8221;10px&#8221;][\/vc_column][\/vc_row][vc_row][vc_column][vc_raw_html]JTVCc2hvdy1sb2dvcyUyMG9yZGVyYnklM0QlMjdub25lJTI3JTIwY2F0ZWdvcnklM0QlMjcwJTI3JTIwYWN0aXZldXJsJTNEJTI3aW5hY3RpdmUlMjclMjBzdHlsZSUzRCUyN25vcm1hbCUyNyUyMGludGVyZmFjZSUzRCUyN2hjYXJvdXNlbCUyNyUyMHRvb2x0aXAlM0QlMjdmYWxzZSUyNyUyMGRlc2NyaXB0aW9uJTNEJTI3ZmFsc2UlMjclMjBsaW1pdCUzRCUyNzAlMjclMjBjYXJvdXNlbCUzRCUyN3RydWUlMkM0MDAwJTJDZmFsc2UlMkNmYWxzZSUyQzUwMCUyQzEwJTJDdHJ1ZSUyQ2ZhbHNlJTJDdHJ1ZSUyQzElMkMwJTJDMSUyNyU1RA==[\/vc_raw_html][\/vc_column][\/vc_row]<\/p>\n<\/div>","protected":false},"excerpt":{"rendered":"<p>[vc_row gap=&#8221;1&#8243; margin_top=&#8221;-50&#8243; type=&#8221;1&#8243; bg_position=&#8221;center&#8221; bg_cover=&#8221;true&#8221; padding_top=&#8221;50&#8243; padding_bottom=&#8221;20&#8243;][vc_column width=&#8221;1\/2&#8243; offset=&#8221;vc_col-xs-12&#8243; css=&#8221;.vc_custom_1579076700410{background-color: #ffffff !important;}&#8221;][vc_empty_space height=&#8221;20px&#8221;][vc_column_text] ABOUT US? [\/vc_column_text][vc_empty_space height=&#8221;15px&#8221;][vc_column_text]AKER, hizmet verdi\u011fi m\u00fchendislik hizmetlerinin her alan\u0131nda m\u00fc\u015fteri memnuniyetini hedefleyen, \u00f6zellikle Konut, Ofis B\u0130nalar\u0131, Al\u0131\u015fveri\u015f Merkezlerinin yan\u0131s\u0131ra i\u00e7me suyu isale hatlar\u0131, \u00e7elik konstr\u00fcksiyon end\u00fcstriyel tesis in\u015faatlar\u0131 alanlar\u0131nda 10 y\u0131l\u0131 a\u015fk\u0131n yurti\u00e7i ve yurtd\u0131\u015f\u0131 tecr\u00fcbeye sahip teknik kadrosuyla h\u0131zl\u0131&hellip;<\/p>\n","protected":false},"author":1,"featured_media":0,"parent":0,"menu_order":1,"comment_status":"closed","ping_status":"closed","template":"","meta":{"inline_featured_image":false,"footnotes":""},"class_list":["post-28214","page","type-page","status-publish","hentry","description-off"],"aioseo_notices":[],"_links":{"self":[{"href":"https:\/\/www.akertr.com\/en\/wp-json\/wp\/v2\/pages\/28214","targetHints":{"allow":["GET"]}}],"collection":[{"href":"https:\/\/www.akertr.com\/en\/wp-json\/wp\/v2\/pages"}],"about":[{"href":"https:\/\/www.akertr.com\/en\/wp-json\/wp\/v2\/types\/page"}],"author":[{"embeddable":true,"href":"https:\/\/www.akertr.com\/en\/wp-json\/wp\/v2\/users\/1"}],"replies":[{"embeddable":true,"href":"https:\/\/www.akertr.com\/en\/wp-json\/wp\/v2\/comments?post=28214"}],"version-history":[{"count":10,"href":"https:\/\/www.akertr.com\/en\/wp-json\/wp\/v2\/pages\/28214\/revisions"}],"predecessor-version":[{"id":31473,"href":"https:\/\/www.akertr.com\/en\/wp-json\/wp\/v2\/pages\/28214\/revisions\/31473"}],"wp:attachment":[{"href":"https:\/\/www.akertr.com\/en\/wp-json\/wp\/v2\/media?parent=28214"}],"curies":[{"name":"wp","href":"https:\/\/api.w.org\/{rel}","templated":true}]}}