{"id":31108,"date":"2020-01-16T17:03:48","date_gmt":"2020-01-16T14:03:48","guid":{"rendered":"https:\/\/akertr.com\/?page_id=31108"},"modified":"2021-04-18T22:41:33","modified_gmt":"2021-04-18T19:41:33","slug":"konut-ve-ofis","status":"publish","type":"page","link":"https:\/\/www.akertr.com\/en\/our-services\/residential-and-office\/","title":{"rendered":"Residential and Office"},"content":{"rendered":"<p><img loading=\"lazy\" decoding=\"async\" class=\"alignnone wp-image-30926 size-full\" src=\"https:\/\/akertr.com\/wp-content\/uploads\/2020\/01\/konut-ofis.png\" alt=\"\" width=\"800\" height=\"406\" srcset=\"https:\/\/www.akertr.com\/wp-content\/uploads\/2020\/01\/konut-ofis.png 800w, https:\/\/www.akertr.com\/wp-content\/uploads\/2020\/01\/konut-ofis-300x152.png 300w, https:\/\/www.akertr.com\/wp-content\/uploads\/2020\/01\/konut-ofis-768x390.png 768w, https:\/\/www.akertr.com\/wp-content\/uploads\/2020\/01\/konut-ofis-200x102.png 200w\" sizes=\"auto, (max-width: 800px) 100vw, 800px\" \/><\/p>\n<p>Aker \u0130n\u015faat t\u00fcm konut ve gayrimenkul projelerinde, m\u00fc\u015fteri memnuniyeti odakl\u0131 anlay\u0131\u015f\u0131yla, m\u00fc\u015fterilerine en iyi \u015fekilde cevap vererek, ihtiya\u00e7lara en uygun \u00e7\u00f6z\u00fcmler \u00fcretmektedir.<\/p>\n<p>Aker \u0130n\u015faat; Konut, ofis, ma\u011faza, sosyal mekan ve otel alanlar\u0131nda \u00fcretti\u011fi i\u00e7 mimari tasar\u0131mlarda; kullan\u0131c\u0131 ihtiya\u00e7lar\u0131n\u0131n \u00e7a\u011fda\u015f tasar\u0131m \u00e7\u00f6z\u00fcmleri ile kar\u015f\u0131lanmas\u0131n\u0131 hedefler.<\/p>\n<p>T\u00fcrkiye\u2019de ve d\u00fcnyada \u0130nditex Grubu\u2019na ait t\u00fcm markalar\u0131n ma\u011faza tasar\u0131mlar\u0131n\u0131 ba\u015far\u0131 ile tamamlayan Aker \u0130n\u015faat; mekan\u0131n kimli\u011fini yans\u0131tacak yenilik\u00e7i konsept projeler ger\u00e7ekle\u015ftirmek \u00fczere; deneyimli kadrosu ile, i\u00e7 mimari proje, proje y\u00f6netimi, dan\u0131\u015fmanl\u0131k, anahtar teslimi uygulama ve tadilat alanlar\u0131nda hizmet vermektedir.<\/p>\n","protected":false},"excerpt":{"rendered":"<p>Aker \u0130n\u015faat t\u00fcm konut ve gayrimenkul projelerinde, m\u00fc\u015fteri memnuniyeti odakl\u0131 anlay\u0131\u015f\u0131yla, m\u00fc\u015fterilerine en iyi \u015fekilde cevap vererek, ihtiya\u00e7lara en uygun \u00e7\u00f6z\u00fcmler \u00fcretmektedir. Aker \u0130n\u015faat; Konut, ofis, ma\u011faza, sosyal mekan ve otel alanlar\u0131nda \u00fcretti\u011fi i\u00e7 mimari tasar\u0131mlarda; kullan\u0131c\u0131 ihtiya\u00e7lar\u0131n\u0131n \u00e7a\u011fda\u015f tasar\u0131m \u00e7\u00f6z\u00fcmleri ile kar\u015f\u0131lanmas\u0131n\u0131 hedefler. T\u00fcrkiye\u2019de ve d\u00fcnyada \u0130nditex Grubu\u2019na ait t\u00fcm markalar\u0131n ma\u011faza tasar\u0131mlar\u0131n\u0131 ba\u015far\u0131&hellip;<\/p>\n","protected":false},"author":1,"featured_media":0,"parent":31106,"menu_order":3,"comment_status":"closed","ping_status":"closed","template":"","meta":{"inline_featured_image":false,"footnotes":""},"class_list":["post-31108","page","type-page","status-publish","hentry","description-off"],"aioseo_notices":[],"_links":{"self":[{"href":"https:\/\/www.akertr.com\/en\/wp-json\/wp\/v2\/pages\/31108","targetHints":{"allow":["GET"]}}],"collection":[{"href":"https:\/\/www.akertr.com\/en\/wp-json\/wp\/v2\/pages"}],"about":[{"href":"https:\/\/www.akertr.com\/en\/wp-json\/wp\/v2\/types\/page"}],"author":[{"embeddable":true,"href":"https:\/\/www.akertr.com\/en\/wp-json\/wp\/v2\/users\/1"}],"replies":[{"embeddable":true,"href":"https:\/\/www.akertr.com\/en\/wp-json\/wp\/v2\/comments?post=31108"}],"version-history":[{"count":3,"href":"https:\/\/www.akertr.com\/en\/wp-json\/wp\/v2\/pages\/31108\/revisions"}],"predecessor-version":[{"id":31438,"href":"https:\/\/www.akertr.com\/en\/wp-json\/wp\/v2\/pages\/31108\/revisions\/31438"}],"up":[{"embeddable":true,"href":"https:\/\/www.akertr.com\/en\/wp-json\/wp\/v2\/pages\/31106"}],"wp:attachment":[{"href":"https:\/\/www.akertr.com\/en\/wp-json\/wp\/v2\/media?parent=31108"}],"curies":[{"name":"wp","href":"https:\/\/api.w.org\/{rel}","templated":true}]}}