{"id":31111,"date":"2020-01-16T17:04:21","date_gmt":"2020-01-16T14:04:21","guid":{"rendered":"https:\/\/akertr.com\/?page_id=31111"},"modified":"2020-01-29T10:48:46","modified_gmt":"2020-01-29T07:48:46","slug":"altyapi","status":"publish","type":"page","link":"https:\/\/www.akertr.com\/en\/our-services\/infrastructure\/","title":{"rendered":"Infrastructure"},"content":{"rendered":"<p><img loading=\"lazy\" decoding=\"async\" class=\"alignnone wp-image-30924 size-full\" src=\"https:\/\/akertr.com\/wp-content\/uploads\/2020\/01\/alt-yapi-aker.png\" alt=\"\" width=\"800\" height=\"406\" srcset=\"https:\/\/www.akertr.com\/wp-content\/uploads\/2020\/01\/alt-yapi-aker.png 800w, https:\/\/www.akertr.com\/wp-content\/uploads\/2020\/01\/alt-yapi-aker-300x152.png 300w, https:\/\/www.akertr.com\/wp-content\/uploads\/2020\/01\/alt-yapi-aker-768x390.png 768w, https:\/\/www.akertr.com\/wp-content\/uploads\/2020\/01\/alt-yapi-aker-200x102.png 200w\" sizes=\"auto, (max-width: 800px) 100vw, 800px\" \/><\/p>\n<p>Aker \u0130n\u015faat, bulundu\u011fu sekt\u00f6r itibariyle alt yap\u0131 konusunda her t\u00fcrl\u00fc hizmet ve imalat\u0131 ger\u00e7ekle\u015ftirmektedir.<\/p>\n<p>Bizim amac\u0131m\u0131z, alt yap\u0131 sistemlerinin, in\u015faat ve dayan\u0131m \u00f6mr\u00fc s\u00fcresince sistem i\u00e7in optimum \u00e7\u00f6z\u00fcmler sa\u011flamakt\u0131r.<\/p>\n<p>Harita \u00e7al\u0131\u015fmalar\u0131 tamamlanm\u0131\u015f alanlar\u0131n i\u00e7me suyu, kanalizasyon ve ya\u011fmur suyu projelerinin y\u00f6netmeliklere uygun \u015fekilde projelendirilmesi, teknik \u015fartnamelerinin haz\u0131rlanmas\u0131, ke\u015fif ve metrailar\u0131n \u00e7\u0131kar\u0131lmas\u0131 hizmetleri in\u015faat ve \u00e7evre m\u00fchendisleri kadromuzla yap\u0131lmaktad\u0131r.<\/p>\n<p>Aker \u0130n\u015faat, sahip oldu\u011fu tecr\u00fcbe, teknik personel ve ekipmanlar ile her \u00f6l\u00e7ekte altyap\u0131 projesini ulusal ve uluslararas\u0131 \u00f6l\u00e7ekte yapacak kapasiteye sahiptir.<\/p>\n\n\t\t\t\t<style type='text\/css'>\n\t\t\t\t\t\t#gallery-1 {\n\t\t\t\t\t\t\t\tmargin: auto;\n\t\t\t\t\t\t}\n\t\t\t\t\t\t#gallery-1 .gallery-item {\n\t\t\t\t\t\t\t\tfloat: left;\n\t\t\t\t\t\t\t\tmargin-top: 10px;\n\t\t\t\t\t\t\t\ttext-align: center;\n\t\t\t\t\t\t\t\twidth: 33%;\n\t\t\t\t\t\t}\n\t\t\t\t\t\t#gallery-1 img {\n\t\t\t\t\t\t\t\tborder: 2px solid #cfcfcf;\n\t\t\t\t\t\t}\n\t\t\t\t\t\t#gallery-1 .gallery-caption {\n\t\t\t\t\t\t\t\tmargin-left: 0;\n\t\t\t\t\t\t}\n\t\t\t\t<\/style>\n\t\t\t\t<!-- see gallery_shortcode() in wp-includes\/media.php -->\n\t\t<div id='gallery-1' class='gallery galleryid-31351 gallery-columns-3 gallery-size-thumbnail dt-gallery-container'><dl class='gallery-item'>\n\t\t\t\t\t\t<dt class='gallery-icon'>\n\t\t\t\t\t\t\t\t<a href=\"https:\/\/www.akertr.com\/wp-content\/uploads\/2020\/01\/altyapi-isleri.jpeg\" class=\"rollover rollover-zoom dt-mfp-item mfp-image\" title=\"\" data-dt-img-description=\"\"><img loading=\"lazy\" decoding=\"async\" src=\"https:\/\/www.akertr.com\/wp-content\/uploads\/2020\/01\/altyapi-isleri-150x150.jpeg\" height=\"120\" width=\"120\" alt=\"\"><\/a>\n\t\t\t\t\t\t<\/dt><\/dl>\n\t\t\t\t\t\t<br style='clear: both;' \/>\n\t\t\t\t<\/div>\n\n","protected":false},"excerpt":{"rendered":"<p>Aker \u0130n\u015faat, bulundu\u011fu sekt\u00f6r itibariyle alt yap\u0131 konusunda her t\u00fcrl\u00fc hizmet ve imalat\u0131 ger\u00e7ekle\u015ftirmektedir. Bizim amac\u0131m\u0131z, alt yap\u0131 sistemlerinin, in\u015faat ve dayan\u0131m \u00f6mr\u00fc s\u00fcresince sistem i\u00e7in optimum \u00e7\u00f6z\u00fcmler sa\u011flamakt\u0131r. Harita \u00e7al\u0131\u015fmalar\u0131 tamamlanm\u0131\u015f alanlar\u0131n i\u00e7me suyu, kanalizasyon ve ya\u011fmur suyu projelerinin y\u00f6netmeliklere uygun \u015fekilde projelendirilmesi, teknik \u015fartnamelerinin haz\u0131rlanmas\u0131, ke\u015fif ve metrailar\u0131n \u00e7\u0131kar\u0131lmas\u0131 hizmetleri in\u015faat ve \u00e7evre&hellip;<\/p>\n","protected":false},"author":1,"featured_media":0,"parent":31106,"menu_order":1,"comment_status":"closed","ping_status":"closed","template":"","meta":{"inline_featured_image":false,"footnotes":""},"class_list":["post-31111","page","type-page","status-publish","hentry","description-off"],"aioseo_notices":[],"_links":{"self":[{"href":"https:\/\/www.akertr.com\/en\/wp-json\/wp\/v2\/pages\/31111","targetHints":{"allow":["GET"]}}],"collection":[{"href":"https:\/\/www.akertr.com\/en\/wp-json\/wp\/v2\/pages"}],"about":[{"href":"https:\/\/www.akertr.com\/en\/wp-json\/wp\/v2\/types\/page"}],"author":[{"embeddable":true,"href":"https:\/\/www.akertr.com\/en\/wp-json\/wp\/v2\/users\/1"}],"replies":[{"embeddable":true,"href":"https:\/\/www.akertr.com\/en\/wp-json\/wp\/v2\/comments?post=31111"}],"version-history":[{"count":0,"href":"https:\/\/www.akertr.com\/en\/wp-json\/wp\/v2\/pages\/31111\/revisions"}],"up":[{"embeddable":true,"href":"https:\/\/www.akertr.com\/en\/wp-json\/wp\/v2\/pages\/31106"}],"wp:attachment":[{"href":"https:\/\/www.akertr.com\/en\/wp-json\/wp\/v2\/media?parent=31111"}],"curies":[{"name":"wp","href":"https:\/\/api.w.org\/{rel}","templated":true}]}}