{"id":31113,"date":"2020-01-16T17:04:40","date_gmt":"2020-01-16T14:04:40","guid":{"rendered":"https:\/\/akertr.com\/?page_id=31113"},"modified":"2020-01-29T10:50:12","modified_gmt":"2020-01-29T07:50:12","slug":"endustri","status":"publish","type":"page","link":"https:\/\/www.akertr.com\/en\/our-services\/industry\/","title":{"rendered":"Industry"},"content":{"rendered":"<p><img loading=\"lazy\" decoding=\"async\" class=\"alignnone wp-image-30925 size-full\" src=\"https:\/\/akertr.com\/wp-content\/uploads\/2020\/01\/endustri-aker-insaat.png\" alt=\"\" width=\"800\" height=\"406\" srcset=\"https:\/\/www.akertr.com\/wp-content\/uploads\/2020\/01\/endustri-aker-insaat.png 800w, https:\/\/www.akertr.com\/wp-content\/uploads\/2020\/01\/endustri-aker-insaat-300x152.png 300w, https:\/\/www.akertr.com\/wp-content\/uploads\/2020\/01\/endustri-aker-insaat-768x390.png 768w, https:\/\/www.akertr.com\/wp-content\/uploads\/2020\/01\/endustri-aker-insaat-200x102.png 200w\" sizes=\"auto, (max-width: 800px) 100vw, 800px\" \/><\/p>\n<p>End\u00fcstriyel tesisler, fabrika binalar\u0131, lojistik depolar, otopark ve yar\u0131 a\u00e7\u0131k alanlar, \u00e7ok katl\u0131 \u00e7elik binalar ve kompozit yap\u0131lar konular\u0131nda en g\u00fcncel in\u015faat teknolojileri ile hizmet veren Aker \u0130n\u015faat, T\u00fcrkiye\u2019nin \u00f6nde gelen end\u00fcstriyel tesisleri i\u00e7in \u00e7e\u015fitli b\u00fcy\u00fckl\u00fck ve kapsamda end\u00fcstriyel projelerini ba\u015far\u0131 ile tamamlam\u0131\u015ft\u0131r.<\/p>\n<p>End\u00fcstriyel tesisler, fabrika binalar\u0131, lojistik depolar, otopark ve yar\u0131 a\u00e7\u0131k alanlar, \u00e7ok katl\u0131 \u00e7elik binalar ve kompozit yap\u0131lar konular\u0131nda en g\u00fcncel in\u015faat teknolojileri ile hizmet veren Aker \u0130n\u015faat, T\u00fcrkiye\u2019nin \u00f6nde gelen end\u00fcstriyel tesisleri i\u00e7in \u00e7e\u015fitli b\u00fcy\u00fckl\u00fck ve kapsamda end\u00fcstriyel projelerini ba\u015far\u0131 ile tamamlam\u0131\u015ft\u0131r.<\/p>\n","protected":false},"excerpt":{"rendered":"<p>End\u00fcstriyel tesisler, fabrika binalar\u0131, lojistik depolar, otopark ve yar\u0131 a\u00e7\u0131k alanlar, \u00e7ok katl\u0131 \u00e7elik binalar ve kompozit yap\u0131lar konular\u0131nda en g\u00fcncel in\u015faat teknolojileri ile hizmet veren Aker \u0130n\u015faat, T\u00fcrkiye\u2019nin \u00f6nde gelen end\u00fcstriyel tesisleri i\u00e7in \u00e7e\u015fitli b\u00fcy\u00fckl\u00fck ve kapsamda end\u00fcstriyel projelerini ba\u015far\u0131 ile tamamlam\u0131\u015ft\u0131r. End\u00fcstriyel tesisler, fabrika binalar\u0131, lojistik depolar, otopark ve yar\u0131 a\u00e7\u0131k alanlar, \u00e7ok&hellip;<\/p>\n","protected":false},"author":1,"featured_media":0,"parent":31106,"menu_order":4,"comment_status":"closed","ping_status":"closed","template":"","meta":{"inline_featured_image":false,"footnotes":""},"class_list":["post-31113","page","type-page","status-publish","hentry","description-off"],"aioseo_notices":[],"_links":{"self":[{"href":"https:\/\/www.akertr.com\/en\/wp-json\/wp\/v2\/pages\/31113","targetHints":{"allow":["GET"]}}],"collection":[{"href":"https:\/\/www.akertr.com\/en\/wp-json\/wp\/v2\/pages"}],"about":[{"href":"https:\/\/www.akertr.com\/en\/wp-json\/wp\/v2\/types\/page"}],"author":[{"embeddable":true,"href":"https:\/\/www.akertr.com\/en\/wp-json\/wp\/v2\/users\/1"}],"replies":[{"embeddable":true,"href":"https:\/\/www.akertr.com\/en\/wp-json\/wp\/v2\/comments?post=31113"}],"version-history":[{"count":0,"href":"https:\/\/www.akertr.com\/en\/wp-json\/wp\/v2\/pages\/31113\/revisions"}],"up":[{"embeddable":true,"href":"https:\/\/www.akertr.com\/en\/wp-json\/wp\/v2\/pages\/31106"}],"wp:attachment":[{"href":"https:\/\/www.akertr.com\/en\/wp-json\/wp\/v2\/media?parent=31113"}],"curies":[{"name":"wp","href":"https:\/\/api.w.org\/{rel}","templated":true}]}}