{"id":31115,"date":"2020-01-16T17:04:53","date_gmt":"2020-01-16T14:04:53","guid":{"rendered":"https:\/\/akertr.com\/?page_id=31115"},"modified":"2020-01-29T10:49:34","modified_gmt":"2020-01-29T07:49:34","slug":"ulasim","status":"publish","type":"page","link":"https:\/\/www.akertr.com\/en\/our-services\/transportation\/","title":{"rendered":"Transportation"},"content":{"rendered":"<p><img loading=\"lazy\" decoding=\"async\" class=\"alignnone size-full wp-image-30927\" src=\"https:\/\/akertr.com\/wp-content\/uploads\/2020\/01\/ulasim-aker-insaat.png\" alt=\"\" width=\"800\" height=\"406\" srcset=\"https:\/\/www.akertr.com\/wp-content\/uploads\/2020\/01\/ulasim-aker-insaat.png 800w, https:\/\/www.akertr.com\/wp-content\/uploads\/2020\/01\/ulasim-aker-insaat-300x152.png 300w, https:\/\/www.akertr.com\/wp-content\/uploads\/2020\/01\/ulasim-aker-insaat-768x390.png 768w, https:\/\/www.akertr.com\/wp-content\/uploads\/2020\/01\/ulasim-aker-insaat-200x102.png 200w\" sizes=\"auto, (max-width: 800px) 100vw, 800px\" \/><\/p>\n<p>Aker \u0130n\u015faat olarak bir\u00e7ok karayolu, demiryolu, konut, end\u00fcstriyel tesis, sulama ve baraj projeleri ger\u00e7ekle\u015ftirmi\u015ftir. Ald\u0131\u011f\u0131m\u0131z yol ve k\u00f6pr\u00fc in\u015faatlar\u0131nda kaliteli ve g\u00fcvenli olarak i\u015fin teslimi firmam\u0131z ve ekibimiz i\u00e7in \u00e7ok \u00f6nemlidir. Yol, viyad\u00fck ve k\u00f6pr\u00fc yap\u0131m\u0131nda d\u00fcnya standartlar\u0131nda kalite sistemleri uygulanmaktad\u0131r. Kalite sistemi yaln\u0131z kalite m\u00fchendislerince de\u011fil, t\u00fcm proje kabul g\u00f6rd\u00fc\u011f\u00fc i\u00e7in, ortaya \u00e7\u0131kan \u00fcr\u00fcn her zaman en \u00fcst kalitede olmaktad\u0131r.<\/p>\n","protected":false},"excerpt":{"rendered":"<p>Aker \u0130n\u015faat olarak bir\u00e7ok karayolu, demiryolu, konut, end\u00fcstriyel tesis, sulama ve baraj projeleri ger\u00e7ekle\u015ftirmi\u015ftir. Ald\u0131\u011f\u0131m\u0131z yol ve k\u00f6pr\u00fc in\u015faatlar\u0131nda kaliteli ve g\u00fcvenli olarak i\u015fin teslimi firmam\u0131z ve ekibimiz i\u00e7in \u00e7ok \u00f6nemlidir. Yol, viyad\u00fck ve k\u00f6pr\u00fc yap\u0131m\u0131nda d\u00fcnya standartlar\u0131nda kalite sistemleri uygulanmaktad\u0131r. Kalite sistemi yaln\u0131z kalite m\u00fchendislerince de\u011fil, t\u00fcm proje kabul g\u00f6rd\u00fc\u011f\u00fc i\u00e7in, ortaya \u00e7\u0131kan \u00fcr\u00fcn&hellip;<\/p>\n","protected":false},"author":1,"featured_media":0,"parent":31106,"menu_order":2,"comment_status":"closed","ping_status":"closed","template":"","meta":{"inline_featured_image":false,"footnotes":""},"class_list":["post-31115","page","type-page","status-publish","hentry","description-off"],"aioseo_notices":[],"_links":{"self":[{"href":"https:\/\/www.akertr.com\/en\/wp-json\/wp\/v2\/pages\/31115","targetHints":{"allow":["GET"]}}],"collection":[{"href":"https:\/\/www.akertr.com\/en\/wp-json\/wp\/v2\/pages"}],"about":[{"href":"https:\/\/www.akertr.com\/en\/wp-json\/wp\/v2\/types\/page"}],"author":[{"embeddable":true,"href":"https:\/\/www.akertr.com\/en\/wp-json\/wp\/v2\/users\/1"}],"replies":[{"embeddable":true,"href":"https:\/\/www.akertr.com\/en\/wp-json\/wp\/v2\/comments?post=31115"}],"version-history":[{"count":0,"href":"https:\/\/www.akertr.com\/en\/wp-json\/wp\/v2\/pages\/31115\/revisions"}],"up":[{"embeddable":true,"href":"https:\/\/www.akertr.com\/en\/wp-json\/wp\/v2\/pages\/31106"}],"wp:attachment":[{"href":"https:\/\/www.akertr.com\/en\/wp-json\/wp\/v2\/media?parent=31115"}],"curies":[{"name":"wp","href":"https:\/\/api.w.org\/{rel}","templated":true}]}}